{"id":12452,"date":"2025-09-26T10:20:59","date_gmt":"2025-09-26T08:20:59","guid":{"rendered":"https:\/\/obd2.com\/product\/scheinwerfer-aufbereitungsset-mit-polymerisationstechnologie\/"},"modified":"2025-11-11T13:49:08","modified_gmt":"2025-11-11T12:49:08","slug":"scheinwerfer-aufbereitungsset-mit-polymerisationstechnologie","status":"publish","type":"product","link":"https:\/\/obd2.com\/de\/produkt\/scheinwerfer-aufbereitungsset-mit-polymerisationstechnologie\/","title":{"rendered":"Scheinwerfer-Aufbereitungsset \u2013 Mit Polymerisationstechnologie"},"content":{"rendered":"","protected":false},"excerpt":{"rendered":"<p><strong>Tr\u00fcbe, vergilbte oder oxidierte Scheinwerfer? Mit unserem Scheinwerfer-Aufbereitungsset stellen Sie die volle Klarheit und Leuchtkraft wieder her! <\/strong><\/p>\n<p>Verabschieden Sie sich von matten, gelblichen Scheinwerfern. Dieses einfach anzuwendende Set bringt Glanz und Sichtbarkeit zur\u00fcck \u2013 f\u00fcr mehr Sicherheit bei Nachtfahrten und ein frisches, gepflegtes Erscheinungsbild Ihres Fahrzeugs.<br \/>\nKeine teuren Werkstattbesuche mehr \u2013 f\u00fchren Sie die professionelle Scheinwerferaufbereitung ganz einfach zu Hause durch und bestehen Sie die n\u00e4chste Fahrzeugpr\u00fcfung mit Zuversicht.<\/p>\n","protected":false},"featured_media":11626,"comment_status":"open","ping_status":"closed","template":"","meta":[],"product_brand":[154],"product_cat":[205],"product_tag":[228,230,229],"class_list":{"0":"post-12452","1":"product","2":"type-product","3":"status-publish","4":"has-post-thumbnail","6":"product_brand-obd2","7":"product_cat-wartung","8":"product_tag-scheinwerfer-aufbereitungsset","9":"product_tag-scheinwerfer-reparaturset","10":"product_tag-scheinwerferreiniger","11":"product_shipping_class-air-ok","13":"first","14":"instock","15":"taxable","16":"shipping-taxable","17":"purchasable","18":"product-type-simple"},"yoast_head":"<!-- This site is optimized with the Yoast SEO Premium plugin v24.9 (Yoast SEO v26.2) - https:\/\/yoast.com\/wordpress\/plugins\/seo\/ -->\n<title>Scheinwerfer-Aufbereitung Set \u2013 Klare Sicht &amp; Sicherheit<\/title>\n<meta name=\"description\" content=\"Stellen Sie vergilbte Scheinwerfer in 1 Stunde wieder her \u2013 klar, langlebig &amp; sicher mit dem Polymerisations-Set von OBD2.com.\" \/>\n<meta name=\"robots\" content=\"index, follow, max-snippet:-1, max-image-preview:large, max-video-preview:-1\" \/>\n<link rel=\"canonical\" href=\"https:\/\/obd2.com\/de\/produkt\/scheinwerfer-aufbereitungsset-mit-polymerisationstechnologie\/\" \/>\n<meta property=\"og:locale\" content=\"de_DE\" \/>\n<meta property=\"og:type\" content=\"article\" \/>\n<meta property=\"og:title\" content=\"Scheinwerfer-Aufbereitungsset \u2013 Mit Polymerisationstechnologie\" \/>\n<meta property=\"og:description\" content=\"Stellen Sie vergilbte Scheinwerfer in 1 Stunde wieder her \u2013 klar, langlebig &amp; sicher mit dem Polymerisations-Set von OBD2.com.\" \/>\n<meta property=\"og:url\" content=\"https:\/\/obd2.com\/de\/produkt\/scheinwerfer-aufbereitungsset-mit-polymerisationstechnologie\/\" \/>\n<meta property=\"og:site_name\" content=\"OBD2.com\" \/>\n<meta property=\"article:modified_time\" content=\"2025-11-11T12:49:08+00:00\" \/>\n<meta property=\"og:image\" content=\"https:\/\/obd2.com\/wp-content\/uploads\/2025\/09\/polymerisation-800x800-1.png\" \/>\n\t<meta property=\"og:image:width\" content=\"800\" \/>\n\t<meta property=\"og:image:height\" content=\"800\" \/>\n\t<meta property=\"og:image:type\" content=\"image\/png\" \/>\n<meta name=\"twitter:card\" content=\"summary_large_image\" \/>\n<meta name=\"twitter:label1\" content=\"Gesch\u00e4tzte Lesezeit\" \/>\n\t<meta name=\"twitter:data1\" content=\"1\u00a0Minute\" \/>\n<script type=\"application\/ld+json\" class=\"yoast-schema-graph\">{\"@context\":\"https:\/\/schema.org\",\"@graph\":[{\"@type\":\"WebPage\",\"@id\":\"https:\/\/obd2.com\/de\/produkt\/scheinwerfer-aufbereitungsset-mit-polymerisationstechnologie\/\",\"url\":\"https:\/\/obd2.com\/de\/produkt\/scheinwerfer-aufbereitungsset-mit-polymerisationstechnologie\/\",\"name\":\"Scheinwerfer-Aufbereitung Set \u2013 Klare Sicht & Sicherheit\",\"isPartOf\":{\"@id\":\"https:\/\/obd2.com\/de\/#website\"},\"primaryImageOfPage\":{\"@id\":\"https:\/\/obd2.com\/de\/produkt\/scheinwerfer-aufbereitungsset-mit-polymerisationstechnologie\/#primaryimage\"},\"image\":{\"@id\":\"https:\/\/obd2.com\/de\/produkt\/scheinwerfer-aufbereitungsset-mit-polymerisationstechnologie\/#primaryimage\"},\"thumbnailUrl\":\"https:\/\/obd2.com\/wp-content\/uploads\/2025\/09\/polymerisation-800x800-1.png\",\"datePublished\":\"2025-09-26T08:20:59+00:00\",\"dateModified\":\"2025-11-11T12:49:08+00:00\",\"description\":\"Stellen Sie vergilbte Scheinwerfer in 1 Stunde wieder her \u2013 klar, langlebig & sicher mit dem Polymerisations-Set von OBD2.com.\",\"breadcrumb\":{\"@id\":\"https:\/\/obd2.com\/de\/produkt\/scheinwerfer-aufbereitungsset-mit-polymerisationstechnologie\/#breadcrumb\"},\"inLanguage\":\"de\",\"potentialAction\":[{\"@type\":\"ReadAction\",\"target\":[\"https:\/\/obd2.com\/de\/produkt\/scheinwerfer-aufbereitungsset-mit-polymerisationstechnologie\/\"]}]},{\"@type\":\"ImageObject\",\"inLanguage\":\"de\",\"@id\":\"https:\/\/obd2.com\/de\/produkt\/scheinwerfer-aufbereitungsset-mit-polymerisationstechnologie\/#primaryimage\",\"url\":\"https:\/\/obd2.com\/wp-content\/uploads\/2025\/09\/polymerisation-800x800-1.png\",\"contentUrl\":\"https:\/\/obd2.com\/wp-content\/uploads\/2025\/09\/polymerisation-800x800-1.png\",\"width\":800,\"height\":800},{\"@type\":\"BreadcrumbList\",\"@id\":\"https:\/\/obd2.com\/de\/produkt\/scheinwerfer-aufbereitungsset-mit-polymerisationstechnologie\/#breadcrumb\",\"itemListElement\":[{\"@type\":\"ListItem\",\"position\":1,\"name\":\"Home\",\"item\":\"https:\/\/obd2.com\/de\/\"},{\"@type\":\"ListItem\",\"position\":2,\"name\":\"Store\",\"item\":\"https:\/\/obd2.com\/store\/\"},{\"@type\":\"ListItem\",\"position\":3,\"name\":\"Scheinwerfer-Aufbereitungsset \u2013 Mit Polymerisationstechnologie\"}]},{\"@type\":\"WebSite\",\"@id\":\"https:\/\/obd2.com\/de\/#website\",\"url\":\"https:\/\/obd2.com\/de\/\",\"name\":\"OBD2.com\",\"description\":\"Scanners &amp; Diagnostic Tools \u2013 Clear Engine Codes\",\"publisher\":{\"@id\":\"https:\/\/obd2.com\/de\/#organization\"},\"alternateName\":\"OBD2 Scanner Shop\",\"potentialAction\":[{\"@type\":\"SearchAction\",\"target\":{\"@type\":\"EntryPoint\",\"urlTemplate\":\"https:\/\/obd2.com\/de\/?s={search_term_string}\"},\"query-input\":{\"@type\":\"PropertyValueSpecification\",\"valueRequired\":true,\"valueName\":\"search_term_string\"}}],\"inLanguage\":\"de\"},{\"@type\":\"Organization\",\"@id\":\"https:\/\/obd2.com\/de\/#organization\",\"name\":\"OBD2.com\",\"url\":\"https:\/\/obd2.com\/de\/\",\"logo\":{\"@type\":\"ImageObject\",\"inLanguage\":\"de\",\"@id\":\"https:\/\/obd2.com\/de\/#\/schema\/logo\/image\/\",\"url\":\"https:\/\/obd2.com\/wp-content\/uploads\/2025\/09\/obd2-com-en-logo.png\",\"contentUrl\":\"https:\/\/obd2.com\/wp-content\/uploads\/2025\/09\/obd2-com-en-logo.png\",\"width\":437,\"height\":131,\"caption\":\"OBD2.com\"},\"image\":{\"@id\":\"https:\/\/obd2.com\/de\/#\/schema\/logo\/image\/\"},\"sameAs\":[\"https:\/\/www.tiktok.com\/@obd2.com\"],\"description\":\"OBD2.com is a global online store specializing in OBD2 scanners, car diagnostic tools, and fault code solutions. We help drivers and mechanics easily read, understand, and clear DTCs (Diagnostic Trouble Codes) for all types of vehicles.\",\"email\":\"contact@obd2.com\",\"telephone\":\"+33 7 5791 6232\",\"legalName\":\"MSE SHOP SASU\",\"foundingDate\":\"2023-04-01\",\"numberOfEmployees\":{\"@type\":\"QuantitativeValue\",\"minValue\":\"1\",\"maxValue\":\"10\"},\"publishingPrinciples\":\"https:\/\/obd2.com\/conditions-of-use\/\",\"ownershipFundingInfo\":\"https:\/\/obd2.com\/legal-notice\/\"}]}<\/script>\n<!-- \/ Yoast SEO Premium plugin. -->","yoast_head_json":{"title":"Scheinwerfer-Aufbereitung Set \u2013 Klare Sicht & Sicherheit","description":"Stellen Sie vergilbte Scheinwerfer in 1 Stunde wieder her \u2013 klar, langlebig & sicher mit dem Polymerisations-Set von OBD2.com.","robots":{"index":"index","follow":"follow","max-snippet":"max-snippet:-1","max-image-preview":"max-image-preview:large","max-video-preview":"max-video-preview:-1"},"canonical":"https:\/\/obd2.com\/de\/produkt\/scheinwerfer-aufbereitungsset-mit-polymerisationstechnologie\/","og_locale":"de_DE","og_type":"article","og_title":"Scheinwerfer-Aufbereitungsset \u2013 Mit Polymerisationstechnologie","og_description":"Stellen Sie vergilbte Scheinwerfer in 1 Stunde wieder her \u2013 klar, langlebig & sicher mit dem Polymerisations-Set von OBD2.com.","og_url":"https:\/\/obd2.com\/de\/produkt\/scheinwerfer-aufbereitungsset-mit-polymerisationstechnologie\/","og_site_name":"OBD2.com","article_modified_time":"2025-11-11T12:49:08+00:00","og_image":[{"width":800,"height":800,"url":"https:\/\/obd2.com\/wp-content\/uploads\/2025\/09\/polymerisation-800x800-1.png","type":"image\/png"}],"twitter_card":"summary_large_image","twitter_misc":{"Gesch\u00e4tzte Lesezeit":"1\u00a0Minute"},"schema":{"@context":"https:\/\/schema.org","@graph":[{"@type":"WebPage","@id":"https:\/\/obd2.com\/de\/produkt\/scheinwerfer-aufbereitungsset-mit-polymerisationstechnologie\/","url":"https:\/\/obd2.com\/de\/produkt\/scheinwerfer-aufbereitungsset-mit-polymerisationstechnologie\/","name":"Scheinwerfer-Aufbereitung Set \u2013 Klare Sicht & Sicherheit","isPartOf":{"@id":"https:\/\/obd2.com\/de\/#website"},"primaryImageOfPage":{"@id":"https:\/\/obd2.com\/de\/produkt\/scheinwerfer-aufbereitungsset-mit-polymerisationstechnologie\/#primaryimage"},"image":{"@id":"https:\/\/obd2.com\/de\/produkt\/scheinwerfer-aufbereitungsset-mit-polymerisationstechnologie\/#primaryimage"},"thumbnailUrl":"https:\/\/obd2.com\/wp-content\/uploads\/2025\/09\/polymerisation-800x800-1.png","datePublished":"2025-09-26T08:20:59+00:00","dateModified":"2025-11-11T12:49:08+00:00","description":"Stellen Sie vergilbte Scheinwerfer in 1 Stunde wieder her \u2013 klar, langlebig & sicher mit dem Polymerisations-Set von OBD2.com.","breadcrumb":{"@id":"https:\/\/obd2.com\/de\/produkt\/scheinwerfer-aufbereitungsset-mit-polymerisationstechnologie\/#breadcrumb"},"inLanguage":"de","potentialAction":[{"@type":"ReadAction","target":["https:\/\/obd2.com\/de\/produkt\/scheinwerfer-aufbereitungsset-mit-polymerisationstechnologie\/"]}]},{"@type":"ImageObject","inLanguage":"de","@id":"https:\/\/obd2.com\/de\/produkt\/scheinwerfer-aufbereitungsset-mit-polymerisationstechnologie\/#primaryimage","url":"https:\/\/obd2.com\/wp-content\/uploads\/2025\/09\/polymerisation-800x800-1.png","contentUrl":"https:\/\/obd2.com\/wp-content\/uploads\/2025\/09\/polymerisation-800x800-1.png","width":800,"height":800},{"@type":"BreadcrumbList","@id":"https:\/\/obd2.com\/de\/produkt\/scheinwerfer-aufbereitungsset-mit-polymerisationstechnologie\/#breadcrumb","itemListElement":[{"@type":"ListItem","position":1,"name":"Home","item":"https:\/\/obd2.com\/de\/"},{"@type":"ListItem","position":2,"name":"Store","item":"https:\/\/obd2.com\/store\/"},{"@type":"ListItem","position":3,"name":"Scheinwerfer-Aufbereitungsset \u2013 Mit Polymerisationstechnologie"}]},{"@type":"WebSite","@id":"https:\/\/obd2.com\/de\/#website","url":"https:\/\/obd2.com\/de\/","name":"OBD2.com","description":"Scanners &amp; Diagnostic Tools \u2013 Clear Engine Codes","publisher":{"@id":"https:\/\/obd2.com\/de\/#organization"},"alternateName":"OBD2 Scanner Shop","potentialAction":[{"@type":"SearchAction","target":{"@type":"EntryPoint","urlTemplate":"https:\/\/obd2.com\/de\/?s={search_term_string}"},"query-input":{"@type":"PropertyValueSpecification","valueRequired":true,"valueName":"search_term_string"}}],"inLanguage":"de"},{"@type":"Organization","@id":"https:\/\/obd2.com\/de\/#organization","name":"OBD2.com","url":"https:\/\/obd2.com\/de\/","logo":{"@type":"ImageObject","inLanguage":"de","@id":"https:\/\/obd2.com\/de\/#\/schema\/logo\/image\/","url":"https:\/\/obd2.com\/wp-content\/uploads\/2025\/09\/obd2-com-en-logo.png","contentUrl":"https:\/\/obd2.com\/wp-content\/uploads\/2025\/09\/obd2-com-en-logo.png","width":437,"height":131,"caption":"OBD2.com"},"image":{"@id":"https:\/\/obd2.com\/de\/#\/schema\/logo\/image\/"},"sameAs":["https:\/\/www.tiktok.com\/@obd2.com"],"description":"OBD2.com is a global online store specializing in OBD2 scanners, car diagnostic tools, and fault code solutions. We help drivers and mechanics easily read, understand, and clear DTCs (Diagnostic Trouble Codes) for all types of vehicles.","email":"contact@obd2.com","telephone":"+33 7 5791 6232","legalName":"MSE SHOP SASU","foundingDate":"2023-04-01","numberOfEmployees":{"@type":"QuantitativeValue","minValue":"1","maxValue":"10"},"publishingPrinciples":"https:\/\/obd2.com\/conditions-of-use\/","ownershipFundingInfo":"https:\/\/obd2.com\/legal-notice\/"}]}},"_links":{"self":[{"href":"https:\/\/obd2.com\/de\/wp-json\/wp\/v2\/product\/12452","targetHints":{"allow":["GET"]}}],"collection":[{"href":"https:\/\/obd2.com\/de\/wp-json\/wp\/v2\/product"}],"about":[{"href":"https:\/\/obd2.com\/de\/wp-json\/wp\/v2\/types\/product"}],"replies":[{"embeddable":true,"href":"https:\/\/obd2.com\/de\/wp-json\/wp\/v2\/comments?post=12452"}],"wp:featuredmedia":[{"embeddable":true,"href":"https:\/\/obd2.com\/de\/wp-json\/wp\/v2\/media\/11626"}],"wp:attachment":[{"href":"https:\/\/obd2.com\/de\/wp-json\/wp\/v2\/media?parent=12452"}],"wp:term":[{"taxonomy":"product_brand","embeddable":true,"href":"https:\/\/obd2.com\/de\/wp-json\/wp\/v2\/product_brand?post=12452"},{"taxonomy":"product_cat","embeddable":true,"href":"https:\/\/obd2.com\/de\/wp-json\/wp\/v2\/product_cat?post=12452"},{"taxonomy":"product_tag","embeddable":true,"href":"https:\/\/obd2.com\/de\/wp-json\/wp\/v2\/product_tag?post=12452"}],"curies":[{"name":"wp","href":"https:\/\/api.w.org\/{rel}","templated":true}]}}