{"id":12642,"date":"2025-09-26T09:33:14","date_gmt":"2025-09-26T07:33:14","guid":{"rendered":"https:\/\/obd2.com\/product\/dpf-reiniger-fuer-diesel-benzinmotoren-gratis-obd2-scanner-xenum-dpf-cleaner\/"},"modified":"2025-11-18T08:30:16","modified_gmt":"2025-11-18T07:30:16","slug":"dpf-reiniger-fuer-diesel-benzinmotoren-gratis-obd2-scanner-xenum-dpf-cleaner","status":"publish","type":"product","link":"https:\/\/obd2.com\/de\/produkt\/dpf-reiniger-fuer-diesel-benzinmotoren-gratis-obd2-scanner-xenum-dpf-cleaner\/","title":{"rendered":"DPF-Reiniger f\u00fcr Diesel-Benzinmotoren + GRATIS OBD2-Scanner \u2013 Xenum DPF Cleaner"},"content":{"rendered":"","protected":false},"excerpt":{"rendered":"<p><strong>DPF-Reinigung ohne Ausbau!<\/strong><\/p>\n<p>Der Xenum DPF Cleaner ist eine fortschrittliche L\u00f6sung zur effizienten Wartung von Diesel- und Benzinpartikelfiltern.<br \/>\nDie spezielle Formel entfernt Ru\u00df, Ablagerungen und R\u00fcckst\u00e4nde im DPF, stellt die urspr\u00fcngliche Leistung wieder her und optimiert den Abgasdurchfluss.<br \/>\nEin sauberer Partikelfilter sorgt f\u00fcr bessere Motorleistung, geringeren Verbrauch und eine verl\u00e4ngerte Lebensdauer des gesamten Systems \u2013 ganz ohne Demontage.<\/p>\n","protected":false},"featured_media":11714,"comment_status":"open","ping_status":"closed","template":"","meta":[],"product_brand":[157],"product_cat":[203],"product_tag":[234,238,232,209,233],"class_list":{"0":"post-12642","1":"product","2":"type-product","3":"status-publish","4":"has-post-thumbnail","6":"product_brand-xenum","7":"product_cat-additive","8":"product_tag-dieselpartikelfilter-reiniger","9":"product_tag-dpf-reset-2","10":"product_tag-dpf-reiniger","11":"product_tag-obd2","12":"product_tag-xenum-dpf-reinigungsspray","13":"product_shipping_class-euro","15":"first","16":"instock","17":"taxable","18":"shipping-taxable","19":"purchasable","20":"product-type-simple"},"yoast_head":"<!-- This site is optimized with the Yoast SEO Premium plugin v24.9 (Yoast SEO v26.2) - https:\/\/yoast.com\/wordpress\/plugins\/seo\/ -->\n<title>Xenum DPF Cleaner \u2013 DPF Reiniger ohne Ausbau - OBD2.com<\/title>\n<meta name=\"description\" content=\"Reinigt Diesel- &amp; Benzinpartikelfilter ohne Ausbau. Entfernt Ru\u00df &amp; Asche, senkt Verbrauch und stellt die Motorleistung wieder her.\" \/>\n<meta name=\"robots\" content=\"index, follow, max-snippet:-1, max-image-preview:large, max-video-preview:-1\" \/>\n<link rel=\"canonical\" href=\"https:\/\/obd2.com\/de\/produkt\/dpf-reiniger-fuer-diesel-benzinmotoren-gratis-obd2-scanner-xenum-dpf-cleaner\/\" \/>\n<meta property=\"og:locale\" content=\"de_DE\" \/>\n<meta property=\"og:type\" content=\"article\" \/>\n<meta property=\"og:title\" content=\"DPF-Reiniger f\u00fcr Diesel-Benzinmotoren + GRATIS OBD2-Scanner \u2013 Xenum DPF Cleaner\" \/>\n<meta property=\"og:description\" content=\"Reinigt Diesel- &amp; Benzinpartikelfilter ohne Ausbau. Entfernt Ru\u00df &amp; Asche, senkt Verbrauch und stellt die Motorleistung wieder her.\" \/>\n<meta property=\"og:url\" content=\"https:\/\/obd2.com\/de\/produkt\/dpf-reiniger-fuer-diesel-benzinmotoren-gratis-obd2-scanner-xenum-dpf-cleaner\/\" \/>\n<meta property=\"og:site_name\" content=\"OBD2.com\" \/>\n<meta property=\"article:modified_time\" content=\"2025-11-18T07:30:16+00:00\" \/>\n<meta property=\"og:image\" content=\"https:\/\/obd2.com\/wp-content\/uploads\/2025\/10\/515w9x9mhBL._AC_SL1388_.jpg\" \/>\n\t<meta property=\"og:image:width\" content=\"938\" \/>\n\t<meta property=\"og:image:height\" content=\"1084\" \/>\n\t<meta property=\"og:image:type\" content=\"image\/jpeg\" \/>\n<meta name=\"twitter:card\" content=\"summary_large_image\" \/>\n<meta name=\"twitter:label1\" content=\"Gesch\u00e4tzte Lesezeit\" \/>\n\t<meta name=\"twitter:data1\" content=\"1\u00a0Minute\" \/>\n<script type=\"application\/ld+json\" class=\"yoast-schema-graph\">{\"@context\":\"https:\/\/schema.org\",\"@graph\":[{\"@type\":\"WebPage\",\"@id\":\"https:\/\/obd2.com\/de\/produkt\/dpf-reiniger-fuer-diesel-benzinmotoren-gratis-obd2-scanner-xenum-dpf-cleaner\/\",\"url\":\"https:\/\/obd2.com\/de\/produkt\/dpf-reiniger-fuer-diesel-benzinmotoren-gratis-obd2-scanner-xenum-dpf-cleaner\/\",\"name\":\"Xenum DPF Cleaner \u2013 DPF Reiniger ohne Ausbau - OBD2.com\",\"isPartOf\":{\"@id\":\"https:\/\/obd2.com\/de\/#website\"},\"primaryImageOfPage\":{\"@id\":\"https:\/\/obd2.com\/de\/produkt\/dpf-reiniger-fuer-diesel-benzinmotoren-gratis-obd2-scanner-xenum-dpf-cleaner\/#primaryimage\"},\"image\":{\"@id\":\"https:\/\/obd2.com\/de\/produkt\/dpf-reiniger-fuer-diesel-benzinmotoren-gratis-obd2-scanner-xenum-dpf-cleaner\/#primaryimage\"},\"thumbnailUrl\":\"https:\/\/obd2.com\/wp-content\/uploads\/2025\/10\/515w9x9mhBL._AC_SL1388_.jpg\",\"datePublished\":\"2025-09-26T07:33:14+00:00\",\"dateModified\":\"2025-11-18T07:30:16+00:00\",\"description\":\"Reinigt Diesel- & Benzinpartikelfilter ohne Ausbau. Entfernt Ru\u00df & Asche, senkt Verbrauch und stellt die Motorleistung wieder her.\",\"breadcrumb\":{\"@id\":\"https:\/\/obd2.com\/de\/produkt\/dpf-reiniger-fuer-diesel-benzinmotoren-gratis-obd2-scanner-xenum-dpf-cleaner\/#breadcrumb\"},\"inLanguage\":\"de\",\"potentialAction\":[{\"@type\":\"ReadAction\",\"target\":[\"https:\/\/obd2.com\/de\/produkt\/dpf-reiniger-fuer-diesel-benzinmotoren-gratis-obd2-scanner-xenum-dpf-cleaner\/\"]}]},{\"@type\":\"ImageObject\",\"inLanguage\":\"de\",\"@id\":\"https:\/\/obd2.com\/de\/produkt\/dpf-reiniger-fuer-diesel-benzinmotoren-gratis-obd2-scanner-xenum-dpf-cleaner\/#primaryimage\",\"url\":\"https:\/\/obd2.com\/wp-content\/uploads\/2025\/10\/515w9x9mhBL._AC_SL1388_.jpg\",\"contentUrl\":\"https:\/\/obd2.com\/wp-content\/uploads\/2025\/10\/515w9x9mhBL._AC_SL1388_.jpg\",\"width\":938,\"height\":1084},{\"@type\":\"BreadcrumbList\",\"@id\":\"https:\/\/obd2.com\/de\/produkt\/dpf-reiniger-fuer-diesel-benzinmotoren-gratis-obd2-scanner-xenum-dpf-cleaner\/#breadcrumb\",\"itemListElement\":[{\"@type\":\"ListItem\",\"position\":1,\"name\":\"Home\",\"item\":\"https:\/\/obd2.com\/de\/\"},{\"@type\":\"ListItem\",\"position\":2,\"name\":\"Store\",\"item\":\"https:\/\/obd2.com\/store\/\"},{\"@type\":\"ListItem\",\"position\":3,\"name\":\"DPF-Reiniger f\u00fcr Diesel-Benzinmotoren + GRATIS OBD2-Scanner \u2013 Xenum DPF Cleaner\"}]},{\"@type\":\"WebSite\",\"@id\":\"https:\/\/obd2.com\/de\/#website\",\"url\":\"https:\/\/obd2.com\/de\/\",\"name\":\"OBD2.com\",\"description\":\"Scanners &amp; Diagnostic Tools \u2013 Clear Engine Codes\",\"publisher\":{\"@id\":\"https:\/\/obd2.com\/de\/#organization\"},\"alternateName\":\"OBD2 Scanner Shop\",\"potentialAction\":[{\"@type\":\"SearchAction\",\"target\":{\"@type\":\"EntryPoint\",\"urlTemplate\":\"https:\/\/obd2.com\/de\/?s={search_term_string}\"},\"query-input\":{\"@type\":\"PropertyValueSpecification\",\"valueRequired\":true,\"valueName\":\"search_term_string\"}}],\"inLanguage\":\"de\"},{\"@type\":\"Organization\",\"@id\":\"https:\/\/obd2.com\/de\/#organization\",\"name\":\"OBD2.com\",\"url\":\"https:\/\/obd2.com\/de\/\",\"logo\":{\"@type\":\"ImageObject\",\"inLanguage\":\"de\",\"@id\":\"https:\/\/obd2.com\/de\/#\/schema\/logo\/image\/\",\"url\":\"https:\/\/obd2.com\/wp-content\/uploads\/2025\/09\/obd2-com-en-logo.png\",\"contentUrl\":\"https:\/\/obd2.com\/wp-content\/uploads\/2025\/09\/obd2-com-en-logo.png\",\"width\":437,\"height\":131,\"caption\":\"OBD2.com\"},\"image\":{\"@id\":\"https:\/\/obd2.com\/de\/#\/schema\/logo\/image\/\"},\"sameAs\":[\"https:\/\/www.tiktok.com\/@obd2.com\"],\"description\":\"OBD2.com is a global online store specializing in OBD2 scanners, car diagnostic tools, and fault code solutions. We help drivers and mechanics easily read, understand, and clear DTCs (Diagnostic Trouble Codes) for all types of vehicles.\",\"email\":\"contact@obd2.com\",\"telephone\":\"+33 7 5791 6232\",\"legalName\":\"MSE SHOP SASU\",\"foundingDate\":\"2023-04-01\",\"numberOfEmployees\":{\"@type\":\"QuantitativeValue\",\"minValue\":\"1\",\"maxValue\":\"10\"},\"publishingPrinciples\":\"https:\/\/obd2.com\/conditions-of-use\/\",\"ownershipFundingInfo\":\"https:\/\/obd2.com\/legal-notice\/\"}]}<\/script>\n<!-- \/ Yoast SEO Premium plugin. -->","yoast_head_json":{"title":"Xenum DPF Cleaner \u2013 DPF Reiniger ohne Ausbau - OBD2.com","description":"Reinigt Diesel- & Benzinpartikelfilter ohne Ausbau. Entfernt Ru\u00df & Asche, senkt Verbrauch und stellt die Motorleistung wieder her.","robots":{"index":"index","follow":"follow","max-snippet":"max-snippet:-1","max-image-preview":"max-image-preview:large","max-video-preview":"max-video-preview:-1"},"canonical":"https:\/\/obd2.com\/de\/produkt\/dpf-reiniger-fuer-diesel-benzinmotoren-gratis-obd2-scanner-xenum-dpf-cleaner\/","og_locale":"de_DE","og_type":"article","og_title":"DPF-Reiniger f\u00fcr Diesel-Benzinmotoren + GRATIS OBD2-Scanner \u2013 Xenum DPF Cleaner","og_description":"Reinigt Diesel- & Benzinpartikelfilter ohne Ausbau. Entfernt Ru\u00df & Asche, senkt Verbrauch und stellt die Motorleistung wieder her.","og_url":"https:\/\/obd2.com\/de\/produkt\/dpf-reiniger-fuer-diesel-benzinmotoren-gratis-obd2-scanner-xenum-dpf-cleaner\/","og_site_name":"OBD2.com","article_modified_time":"2025-11-18T07:30:16+00:00","og_image":[{"width":938,"height":1084,"url":"https:\/\/obd2.com\/wp-content\/uploads\/2025\/10\/515w9x9mhBL._AC_SL1388_.jpg","type":"image\/jpeg"}],"twitter_card":"summary_large_image","twitter_misc":{"Gesch\u00e4tzte Lesezeit":"1\u00a0Minute"},"schema":{"@context":"https:\/\/schema.org","@graph":[{"@type":"WebPage","@id":"https:\/\/obd2.com\/de\/produkt\/dpf-reiniger-fuer-diesel-benzinmotoren-gratis-obd2-scanner-xenum-dpf-cleaner\/","url":"https:\/\/obd2.com\/de\/produkt\/dpf-reiniger-fuer-diesel-benzinmotoren-gratis-obd2-scanner-xenum-dpf-cleaner\/","name":"Xenum DPF Cleaner \u2013 DPF Reiniger ohne Ausbau - OBD2.com","isPartOf":{"@id":"https:\/\/obd2.com\/de\/#website"},"primaryImageOfPage":{"@id":"https:\/\/obd2.com\/de\/produkt\/dpf-reiniger-fuer-diesel-benzinmotoren-gratis-obd2-scanner-xenum-dpf-cleaner\/#primaryimage"},"image":{"@id":"https:\/\/obd2.com\/de\/produkt\/dpf-reiniger-fuer-diesel-benzinmotoren-gratis-obd2-scanner-xenum-dpf-cleaner\/#primaryimage"},"thumbnailUrl":"https:\/\/obd2.com\/wp-content\/uploads\/2025\/10\/515w9x9mhBL._AC_SL1388_.jpg","datePublished":"2025-09-26T07:33:14+00:00","dateModified":"2025-11-18T07:30:16+00:00","description":"Reinigt Diesel- & Benzinpartikelfilter ohne Ausbau. Entfernt Ru\u00df & Asche, senkt Verbrauch und stellt die Motorleistung wieder her.","breadcrumb":{"@id":"https:\/\/obd2.com\/de\/produkt\/dpf-reiniger-fuer-diesel-benzinmotoren-gratis-obd2-scanner-xenum-dpf-cleaner\/#breadcrumb"},"inLanguage":"de","potentialAction":[{"@type":"ReadAction","target":["https:\/\/obd2.com\/de\/produkt\/dpf-reiniger-fuer-diesel-benzinmotoren-gratis-obd2-scanner-xenum-dpf-cleaner\/"]}]},{"@type":"ImageObject","inLanguage":"de","@id":"https:\/\/obd2.com\/de\/produkt\/dpf-reiniger-fuer-diesel-benzinmotoren-gratis-obd2-scanner-xenum-dpf-cleaner\/#primaryimage","url":"https:\/\/obd2.com\/wp-content\/uploads\/2025\/10\/515w9x9mhBL._AC_SL1388_.jpg","contentUrl":"https:\/\/obd2.com\/wp-content\/uploads\/2025\/10\/515w9x9mhBL._AC_SL1388_.jpg","width":938,"height":1084},{"@type":"BreadcrumbList","@id":"https:\/\/obd2.com\/de\/produkt\/dpf-reiniger-fuer-diesel-benzinmotoren-gratis-obd2-scanner-xenum-dpf-cleaner\/#breadcrumb","itemListElement":[{"@type":"ListItem","position":1,"name":"Home","item":"https:\/\/obd2.com\/de\/"},{"@type":"ListItem","position":2,"name":"Store","item":"https:\/\/obd2.com\/store\/"},{"@type":"ListItem","position":3,"name":"DPF-Reiniger f\u00fcr Diesel-Benzinmotoren + GRATIS OBD2-Scanner \u2013 Xenum DPF Cleaner"}]},{"@type":"WebSite","@id":"https:\/\/obd2.com\/de\/#website","url":"https:\/\/obd2.com\/de\/","name":"OBD2.com","description":"Scanners &amp; Diagnostic Tools \u2013 Clear Engine Codes","publisher":{"@id":"https:\/\/obd2.com\/de\/#organization"},"alternateName":"OBD2 Scanner Shop","potentialAction":[{"@type":"SearchAction","target":{"@type":"EntryPoint","urlTemplate":"https:\/\/obd2.com\/de\/?s={search_term_string}"},"query-input":{"@type":"PropertyValueSpecification","valueRequired":true,"valueName":"search_term_string"}}],"inLanguage":"de"},{"@type":"Organization","@id":"https:\/\/obd2.com\/de\/#organization","name":"OBD2.com","url":"https:\/\/obd2.com\/de\/","logo":{"@type":"ImageObject","inLanguage":"de","@id":"https:\/\/obd2.com\/de\/#\/schema\/logo\/image\/","url":"https:\/\/obd2.com\/wp-content\/uploads\/2025\/09\/obd2-com-en-logo.png","contentUrl":"https:\/\/obd2.com\/wp-content\/uploads\/2025\/09\/obd2-com-en-logo.png","width":437,"height":131,"caption":"OBD2.com"},"image":{"@id":"https:\/\/obd2.com\/de\/#\/schema\/logo\/image\/"},"sameAs":["https:\/\/www.tiktok.com\/@obd2.com"],"description":"OBD2.com is a global online store specializing in OBD2 scanners, car diagnostic tools, and fault code solutions. We help drivers and mechanics easily read, understand, and clear DTCs (Diagnostic Trouble Codes) for all types of vehicles.","email":"contact@obd2.com","telephone":"+33 7 5791 6232","legalName":"MSE SHOP SASU","foundingDate":"2023-04-01","numberOfEmployees":{"@type":"QuantitativeValue","minValue":"1","maxValue":"10"},"publishingPrinciples":"https:\/\/obd2.com\/conditions-of-use\/","ownershipFundingInfo":"https:\/\/obd2.com\/legal-notice\/"}]}},"_links":{"self":[{"href":"https:\/\/obd2.com\/de\/wp-json\/wp\/v2\/product\/12642","targetHints":{"allow":["GET"]}}],"collection":[{"href":"https:\/\/obd2.com\/de\/wp-json\/wp\/v2\/product"}],"about":[{"href":"https:\/\/obd2.com\/de\/wp-json\/wp\/v2\/types\/product"}],"replies":[{"embeddable":true,"href":"https:\/\/obd2.com\/de\/wp-json\/wp\/v2\/comments?post=12642"}],"wp:featuredmedia":[{"embeddable":true,"href":"https:\/\/obd2.com\/de\/wp-json\/wp\/v2\/media\/11714"}],"wp:attachment":[{"href":"https:\/\/obd2.com\/de\/wp-json\/wp\/v2\/media?parent=12642"}],"wp:term":[{"taxonomy":"product_brand","embeddable":true,"href":"https:\/\/obd2.com\/de\/wp-json\/wp\/v2\/product_brand?post=12642"},{"taxonomy":"product_cat","embeddable":true,"href":"https:\/\/obd2.com\/de\/wp-json\/wp\/v2\/product_cat?post=12642"},{"taxonomy":"product_tag","embeddable":true,"href":"https:\/\/obd2.com\/de\/wp-json\/wp\/v2\/product_tag?post=12642"}],"curies":[{"name":"wp","href":"https:\/\/api.w.org\/{rel}","templated":true}]}}