{"id":12744,"date":"2025-09-26T09:41:04","date_gmt":"2025-09-26T07:41:04","guid":{"rendered":"https:\/\/obd2.com\/product\/xenum-admax-pro-adblue-anti-kristallisations-additiv-systemreiniger\/"},"modified":"2026-03-15T18:25:28","modified_gmt":"2026-03-15T17:25:28","slug":"xenum-admax-pro-adblue-anti-kristallisations-additiv-systemreiniger","status":"publish","type":"product","link":"https:\/\/obd2.com\/de\/produkt\/xenum-admax-pro-adblue-anti-kristallisations-additiv-systemreiniger\/","title":{"rendered":"Xenum ADMAX\u00ae Pro \u2013 AdBlue\u00ae Anti-Kristallisations-Additiv &amp; Systemreiniger"},"content":{"rendered":"","protected":false},"excerpt":{"rendered":"<p><strong>XENUM ADMAX\u00ae PRO \u2013 Beseitigt Kristallbildung und deaktiviert die AdBlue\u00ae-Warnleuchte<\/strong><\/p>\n<p>Leuchtet Ihre AdBlue\u00ae-Warnleuchte auf? Verstopfen Kristalle Ihr SCR-System?<br \/>\nDer Xenum ADMAX\u00ae Pro ist die ultimative L\u00f6sung, um Kristallablagerungen im AdBlue\u00ae-Tank, in der Pumpe und im Injektor effektiv aufzul\u00f6sen.<br \/>\nDurch die Wiederherstellung eines sauberen Durchflusses verhindert das Additiv Systemst\u00f6rungen und schaltet die AdBlue\u00ae-Warnleuchte aus.<\/p>\n<p>Bereits eine Anwendung gen\u00fcgt, um Ihr SCR-System zu reinigen, seine Effizienz zu steigern und die Lebensdauer der Komponenten zu verl\u00e4ngern \u2013 f\u00fcr einen Motorlauf ohne St\u00f6rungen.<\/p>\n","protected":false},"featured_media":11715,"comment_status":"open","ping_status":"closed","template":"","meta":[],"product_brand":[157],"product_cat":[203],"product_tag":[235,236,237],"class_list":{"0":"post-12744","1":"product","2":"type-product","3":"status-publish","4":"has-post-thumbnail","6":"product_brand-xenum","7":"product_cat-additive","8":"product_tag-adblue-additiv","9":"product_tag-anti-kristallisationslosung","10":"product_tag-scr-systemreiniger","11":"product_shipping_class-air-ok","13":"first","14":"instock","15":"taxable","16":"shipping-taxable","17":"purchasable","18":"product-type-simple"},"yoast_head":"<!-- This site is optimized with the Yoast SEO Premium plugin v24.9 (Yoast SEO v26.2) - https:\/\/yoast.com\/wordpress\/plugins\/seo\/ -->\n<title>Xenum ADMAX Pro \u2013 AdBlue Additiv gegen Kristallbildung &amp; Fehlercodes<\/title>\n<meta name=\"description\" content=\"L\u00f6st AdBlue-Kristalle, entfernt Ablagerungen im SCR-System und setzt die Warnleuchte zur\u00fcck. F\u00fcr sauberen Durchfluss und st\u00f6rungsfreien Motorbetrieb.\" \/>\n<meta name=\"robots\" content=\"index, follow, max-snippet:-1, max-image-preview:large, max-video-preview:-1\" \/>\n<link rel=\"canonical\" href=\"https:\/\/obd2.com\/de\/produkt\/xenum-admax-pro-adblue-anti-kristallisations-additiv-systemreiniger\/\" \/>\n<meta property=\"og:locale\" content=\"de_DE\" \/>\n<meta property=\"og:type\" content=\"article\" \/>\n<meta property=\"og:title\" content=\"Xenum ADMAX\u00ae Pro \u2013 AdBlue\u00ae Anti-Kristallisations-Additiv &amp; Systemreiniger\" \/>\n<meta property=\"og:description\" content=\"L\u00f6st AdBlue-Kristalle, entfernt Ablagerungen im SCR-System und setzt die Warnleuchte zur\u00fcck. F\u00fcr sauberen Durchfluss und st\u00f6rungsfreien Motorbetrieb.\" \/>\n<meta property=\"og:url\" content=\"https:\/\/obd2.com\/de\/produkt\/xenum-admax-pro-adblue-anti-kristallisations-additiv-systemreiniger\/\" \/>\n<meta property=\"og:site_name\" content=\"OBD2.com\" \/>\n<meta property=\"article:modified_time\" content=\"2026-03-15T17:25:28+00:00\" \/>\n<meta property=\"og:image\" content=\"https:\/\/obd2.com\/wp-content\/uploads\/2025\/09\/ADMAX-PRO-PACKSHOT_250ML-3.png\" \/>\n\t<meta property=\"og:image:width\" content=\"1000\" \/>\n\t<meta property=\"og:image:height\" content=\"1000\" \/>\n\t<meta property=\"og:image:type\" content=\"image\/png\" \/>\n<meta name=\"twitter:card\" content=\"summary_large_image\" \/>\n<meta name=\"twitter:label1\" content=\"Gesch\u00e4tzte Lesezeit\" \/>\n\t<meta name=\"twitter:data1\" content=\"1\u00a0Minute\" \/>\n<script type=\"application\/ld+json\" class=\"yoast-schema-graph\">{\"@context\":\"https:\/\/schema.org\",\"@graph\":[{\"@type\":\"WebPage\",\"@id\":\"https:\/\/obd2.com\/de\/produkt\/xenum-admax-pro-adblue-anti-kristallisations-additiv-systemreiniger\/\",\"url\":\"https:\/\/obd2.com\/de\/produkt\/xenum-admax-pro-adblue-anti-kristallisations-additiv-systemreiniger\/\",\"name\":\"Xenum ADMAX Pro \u2013 AdBlue Additiv gegen Kristallbildung & Fehlercodes\",\"isPartOf\":{\"@id\":\"https:\/\/obd2.com\/de\/#website\"},\"primaryImageOfPage\":{\"@id\":\"https:\/\/obd2.com\/de\/produkt\/xenum-admax-pro-adblue-anti-kristallisations-additiv-systemreiniger\/#primaryimage\"},\"image\":{\"@id\":\"https:\/\/obd2.com\/de\/produkt\/xenum-admax-pro-adblue-anti-kristallisations-additiv-systemreiniger\/#primaryimage\"},\"thumbnailUrl\":\"https:\/\/obd2.com\/wp-content\/uploads\/2025\/09\/ADMAX-PRO-PACKSHOT_250ML-3.png\",\"datePublished\":\"2025-09-26T07:41:04+00:00\",\"dateModified\":\"2026-03-15T17:25:28+00:00\",\"description\":\"L\u00f6st AdBlue-Kristalle, entfernt Ablagerungen im SCR-System und setzt die Warnleuchte zur\u00fcck. F\u00fcr sauberen Durchfluss und st\u00f6rungsfreien Motorbetrieb.\",\"breadcrumb\":{\"@id\":\"https:\/\/obd2.com\/de\/produkt\/xenum-admax-pro-adblue-anti-kristallisations-additiv-systemreiniger\/#breadcrumb\"},\"inLanguage\":\"de\",\"potentialAction\":[{\"@type\":\"ReadAction\",\"target\":[\"https:\/\/obd2.com\/de\/produkt\/xenum-admax-pro-adblue-anti-kristallisations-additiv-systemreiniger\/\"]}]},{\"@type\":\"ImageObject\",\"inLanguage\":\"de\",\"@id\":\"https:\/\/obd2.com\/de\/produkt\/xenum-admax-pro-adblue-anti-kristallisations-additiv-systemreiniger\/#primaryimage\",\"url\":\"https:\/\/obd2.com\/wp-content\/uploads\/2025\/09\/ADMAX-PRO-PACKSHOT_250ML-3.png\",\"contentUrl\":\"https:\/\/obd2.com\/wp-content\/uploads\/2025\/09\/ADMAX-PRO-PACKSHOT_250ML-3.png\",\"width\":1000,\"height\":1000},{\"@type\":\"BreadcrumbList\",\"@id\":\"https:\/\/obd2.com\/de\/produkt\/xenum-admax-pro-adblue-anti-kristallisations-additiv-systemreiniger\/#breadcrumb\",\"itemListElement\":[{\"@type\":\"ListItem\",\"position\":1,\"name\":\"Home\",\"item\":\"https:\/\/obd2.com\/de\/\"},{\"@type\":\"ListItem\",\"position\":2,\"name\":\"Store\",\"item\":\"https:\/\/obd2.com\/store\/\"},{\"@type\":\"ListItem\",\"position\":3,\"name\":\"Xenum ADMAX\u00ae Pro \u2013 AdBlue\u00ae Anti-Kristallisations-Additiv &amp; Systemreiniger\"}]},{\"@type\":\"WebSite\",\"@id\":\"https:\/\/obd2.com\/de\/#website\",\"url\":\"https:\/\/obd2.com\/de\/\",\"name\":\"OBD2.com\",\"description\":\"Scanners &amp; Diagnostic Tools \u2013 Clear Engine Codes\",\"publisher\":{\"@id\":\"https:\/\/obd2.com\/de\/#organization\"},\"alternateName\":\"OBD2 Scanner Shop\",\"potentialAction\":[{\"@type\":\"SearchAction\",\"target\":{\"@type\":\"EntryPoint\",\"urlTemplate\":\"https:\/\/obd2.com\/de\/?s={search_term_string}\"},\"query-input\":{\"@type\":\"PropertyValueSpecification\",\"valueRequired\":true,\"valueName\":\"search_term_string\"}}],\"inLanguage\":\"de\"},{\"@type\":\"Organization\",\"@id\":\"https:\/\/obd2.com\/de\/#organization\",\"name\":\"OBD2.com\",\"url\":\"https:\/\/obd2.com\/de\/\",\"logo\":{\"@type\":\"ImageObject\",\"inLanguage\":\"de\",\"@id\":\"https:\/\/obd2.com\/de\/#\/schema\/logo\/image\/\",\"url\":\"https:\/\/obd2.com\/wp-content\/uploads\/2025\/09\/obd2-com-en-logo.png\",\"contentUrl\":\"https:\/\/obd2.com\/wp-content\/uploads\/2025\/09\/obd2-com-en-logo.png\",\"width\":437,\"height\":131,\"caption\":\"OBD2.com\"},\"image\":{\"@id\":\"https:\/\/obd2.com\/de\/#\/schema\/logo\/image\/\"},\"sameAs\":[\"https:\/\/www.tiktok.com\/@obd2.com\"],\"description\":\"OBD2.com is a global online store specializing in OBD2 scanners, car diagnostic tools, and fault code solutions. We help drivers and mechanics easily read, understand, and clear DTCs (Diagnostic Trouble Codes) for all types of vehicles.\",\"email\":\"contact@obd2.com\",\"telephone\":\"+33 7 5791 6232\",\"legalName\":\"MSE SHOP SASU\",\"foundingDate\":\"2023-04-01\",\"numberOfEmployees\":{\"@type\":\"QuantitativeValue\",\"minValue\":\"1\",\"maxValue\":\"10\"},\"publishingPrinciples\":\"https:\/\/obd2.com\/conditions-of-use\/\",\"ownershipFundingInfo\":\"https:\/\/obd2.com\/legal-notice\/\"}]}<\/script>\n<!-- \/ Yoast SEO Premium plugin. -->","yoast_head_json":{"title":"Xenum ADMAX Pro \u2013 AdBlue Additiv gegen Kristallbildung & Fehlercodes","description":"L\u00f6st AdBlue-Kristalle, entfernt Ablagerungen im SCR-System und setzt die Warnleuchte zur\u00fcck. F\u00fcr sauberen Durchfluss und st\u00f6rungsfreien Motorbetrieb.","robots":{"index":"index","follow":"follow","max-snippet":"max-snippet:-1","max-image-preview":"max-image-preview:large","max-video-preview":"max-video-preview:-1"},"canonical":"https:\/\/obd2.com\/de\/produkt\/xenum-admax-pro-adblue-anti-kristallisations-additiv-systemreiniger\/","og_locale":"de_DE","og_type":"article","og_title":"Xenum ADMAX\u00ae Pro \u2013 AdBlue\u00ae Anti-Kristallisations-Additiv &amp; Systemreiniger","og_description":"L\u00f6st AdBlue-Kristalle, entfernt Ablagerungen im SCR-System und setzt die Warnleuchte zur\u00fcck. F\u00fcr sauberen Durchfluss und st\u00f6rungsfreien Motorbetrieb.","og_url":"https:\/\/obd2.com\/de\/produkt\/xenum-admax-pro-adblue-anti-kristallisations-additiv-systemreiniger\/","og_site_name":"OBD2.com","article_modified_time":"2026-03-15T17:25:28+00:00","og_image":[{"width":1000,"height":1000,"url":"https:\/\/obd2.com\/wp-content\/uploads\/2025\/09\/ADMAX-PRO-PACKSHOT_250ML-3.png","type":"image\/png"}],"twitter_card":"summary_large_image","twitter_misc":{"Gesch\u00e4tzte Lesezeit":"1\u00a0Minute"},"schema":{"@context":"https:\/\/schema.org","@graph":[{"@type":"WebPage","@id":"https:\/\/obd2.com\/de\/produkt\/xenum-admax-pro-adblue-anti-kristallisations-additiv-systemreiniger\/","url":"https:\/\/obd2.com\/de\/produkt\/xenum-admax-pro-adblue-anti-kristallisations-additiv-systemreiniger\/","name":"Xenum ADMAX Pro \u2013 AdBlue Additiv gegen Kristallbildung & Fehlercodes","isPartOf":{"@id":"https:\/\/obd2.com\/de\/#website"},"primaryImageOfPage":{"@id":"https:\/\/obd2.com\/de\/produkt\/xenum-admax-pro-adblue-anti-kristallisations-additiv-systemreiniger\/#primaryimage"},"image":{"@id":"https:\/\/obd2.com\/de\/produkt\/xenum-admax-pro-adblue-anti-kristallisations-additiv-systemreiniger\/#primaryimage"},"thumbnailUrl":"https:\/\/obd2.com\/wp-content\/uploads\/2025\/09\/ADMAX-PRO-PACKSHOT_250ML-3.png","datePublished":"2025-09-26T07:41:04+00:00","dateModified":"2026-03-15T17:25:28+00:00","description":"L\u00f6st AdBlue-Kristalle, entfernt Ablagerungen im SCR-System und setzt die Warnleuchte zur\u00fcck. F\u00fcr sauberen Durchfluss und st\u00f6rungsfreien Motorbetrieb.","breadcrumb":{"@id":"https:\/\/obd2.com\/de\/produkt\/xenum-admax-pro-adblue-anti-kristallisations-additiv-systemreiniger\/#breadcrumb"},"inLanguage":"de","potentialAction":[{"@type":"ReadAction","target":["https:\/\/obd2.com\/de\/produkt\/xenum-admax-pro-adblue-anti-kristallisations-additiv-systemreiniger\/"]}]},{"@type":"ImageObject","inLanguage":"de","@id":"https:\/\/obd2.com\/de\/produkt\/xenum-admax-pro-adblue-anti-kristallisations-additiv-systemreiniger\/#primaryimage","url":"https:\/\/obd2.com\/wp-content\/uploads\/2025\/09\/ADMAX-PRO-PACKSHOT_250ML-3.png","contentUrl":"https:\/\/obd2.com\/wp-content\/uploads\/2025\/09\/ADMAX-PRO-PACKSHOT_250ML-3.png","width":1000,"height":1000},{"@type":"BreadcrumbList","@id":"https:\/\/obd2.com\/de\/produkt\/xenum-admax-pro-adblue-anti-kristallisations-additiv-systemreiniger\/#breadcrumb","itemListElement":[{"@type":"ListItem","position":1,"name":"Home","item":"https:\/\/obd2.com\/de\/"},{"@type":"ListItem","position":2,"name":"Store","item":"https:\/\/obd2.com\/store\/"},{"@type":"ListItem","position":3,"name":"Xenum ADMAX\u00ae Pro \u2013 AdBlue\u00ae Anti-Kristallisations-Additiv &amp; Systemreiniger"}]},{"@type":"WebSite","@id":"https:\/\/obd2.com\/de\/#website","url":"https:\/\/obd2.com\/de\/","name":"OBD2.com","description":"Scanners &amp; Diagnostic Tools \u2013 Clear Engine Codes","publisher":{"@id":"https:\/\/obd2.com\/de\/#organization"},"alternateName":"OBD2 Scanner Shop","potentialAction":[{"@type":"SearchAction","target":{"@type":"EntryPoint","urlTemplate":"https:\/\/obd2.com\/de\/?s={search_term_string}"},"query-input":{"@type":"PropertyValueSpecification","valueRequired":true,"valueName":"search_term_string"}}],"inLanguage":"de"},{"@type":"Organization","@id":"https:\/\/obd2.com\/de\/#organization","name":"OBD2.com","url":"https:\/\/obd2.com\/de\/","logo":{"@type":"ImageObject","inLanguage":"de","@id":"https:\/\/obd2.com\/de\/#\/schema\/logo\/image\/","url":"https:\/\/obd2.com\/wp-content\/uploads\/2025\/09\/obd2-com-en-logo.png","contentUrl":"https:\/\/obd2.com\/wp-content\/uploads\/2025\/09\/obd2-com-en-logo.png","width":437,"height":131,"caption":"OBD2.com"},"image":{"@id":"https:\/\/obd2.com\/de\/#\/schema\/logo\/image\/"},"sameAs":["https:\/\/www.tiktok.com\/@obd2.com"],"description":"OBD2.com is a global online store specializing in OBD2 scanners, car diagnostic tools, and fault code solutions. We help drivers and mechanics easily read, understand, and clear DTCs (Diagnostic Trouble Codes) for all types of vehicles.","email":"contact@obd2.com","telephone":"+33 7 5791 6232","legalName":"MSE SHOP SASU","foundingDate":"2023-04-01","numberOfEmployees":{"@type":"QuantitativeValue","minValue":"1","maxValue":"10"},"publishingPrinciples":"https:\/\/obd2.com\/conditions-of-use\/","ownershipFundingInfo":"https:\/\/obd2.com\/legal-notice\/"}]}},"_links":{"self":[{"href":"https:\/\/obd2.com\/de\/wp-json\/wp\/v2\/product\/12744","targetHints":{"allow":["GET"]}}],"collection":[{"href":"https:\/\/obd2.com\/de\/wp-json\/wp\/v2\/product"}],"about":[{"href":"https:\/\/obd2.com\/de\/wp-json\/wp\/v2\/types\/product"}],"replies":[{"embeddable":true,"href":"https:\/\/obd2.com\/de\/wp-json\/wp\/v2\/comments?post=12744"}],"wp:featuredmedia":[{"embeddable":true,"href":"https:\/\/obd2.com\/de\/wp-json\/wp\/v2\/media\/11715"}],"wp:attachment":[{"href":"https:\/\/obd2.com\/de\/wp-json\/wp\/v2\/media?parent=12744"}],"wp:term":[{"taxonomy":"product_brand","embeddable":true,"href":"https:\/\/obd2.com\/de\/wp-json\/wp\/v2\/product_brand?post=12744"},{"taxonomy":"product_cat","embeddable":true,"href":"https:\/\/obd2.com\/de\/wp-json\/wp\/v2\/product_cat?post=12744"},{"taxonomy":"product_tag","embeddable":true,"href":"https:\/\/obd2.com\/de\/wp-json\/wp\/v2\/product_tag?post=12744"}],"curies":[{"name":"wp","href":"https:\/\/api.w.org\/{rel}","templated":true}]}}